{"id":7,"date":"2022-06-24T15:23:02","date_gmt":"2022-06-24T15:23:02","guid":{"rendered":"https:\/\/ubezpieczeniamulti.pl\/?page_id=7"},"modified":"2022-06-24T15:25:50","modified_gmt":"2022-06-24T15:25:50","slug":"co-chcial-bys-ubezpieczyc","status":"publish","type":"page","link":"https:\/\/ubezpieczeniamulti.pl\/index.php\/co-chcial-bys-ubezpieczyc\/","title":{"rendered":"Co chcia\u0142 by\u015b ubezpieczy\u0107"},"content":{"rendered":"\n<p>SAMOCH\u00d3D<br>MIESZKANIE \/ DOM<br>PODR\u00d3\u017b<br>BIZNES<br>\u017bYCIE \/ INWESTYCJE<br>ZDROWIE<br>UBEZPIECZENIA ROLNE<\/p>\n\n\n\n<p><\/p>\n\n\n\n<p><\/p>\n\n\n\n<p>SAMOCH\u00d3D<br>Pojazd uprawniony do poruszania si\u0119 po drogach musi by\u0107 ubezpieczony w zakresie<br>odpowiedzialno\u015bci cywilnej. Bez znaczenia jest czy pojazd jest cz\u0119sto u\u017cywany, czy<br>trzymany jest w gara\u017cu i je\u017cdzi si\u0119 nim bardzo rzadko. Kierowcy wiedz\u0105, \u017ce<br>ubezpieczenie OC nie chroni sprawcy wypadku, a osoby przez niego poszkodowane.<br>Warto zatem pami\u0119ta\u0107 o ubezpieczeniu nast\u0119pstw nieszcz\u0119\u015bliwych wypadk\u00f3w. To<br>ubezpieczenie zrekompensuje uszczerbek na zdrowiu zar\u00f3wno kierowcy jak i<br>wszystkich pasa\u017cer\u00f3w podr\u00f3\u017cuj\u0105cych pojazdem. Za\u015b ubezpieczenie AC pokryje wydatki<br>zwi\u0105zane z uszkodzeniami lub utrat\u0105 samochodu osoby ubezpieczonej.<br>Wykupuj\u0105c natomiast us\u0142ugi Assistance mo\u017cemy liczy\u0107 na holowanie, napraw\u0119 na<br>miejscu czy pojazd zast\u0119pczy.<br>Kliencie w naszej plac\u00f3wce mo\u017cesz ubezpieczy\u0107 swoje pojazdy, licz\u0105c na fachow\u0105<br>pomoc merytoryczn\u0105.<br>Do ubezpieczenia samochodu potrzebujemy m.in. nast\u0119puj\u0105cych informacji:<br>marka i model samochodu<br>pojemno\u015b\u0107 silnika<br>rodzaj silnika<br>typ nadwozia<br>przebieg<br>rok produkcji<br>wiek w\u0142a\u015bciciela<br>kod pocztowy miejsca rejestracji<br>ilo\u015b\u0107 lat bezszkodowej jazdy w OC i AC<\/p>\n\n\n\n<p>MIESZKANIE \/ DOM<br>Zainwestowa\u0142e\u015b w swoje mieszkanie du\u017co pieni\u0119dzy? Tw\u00f3j dom jest miejscem, do<br>kt\u00f3rego ch\u0119tnie wracasz, jest Twoim schronieniem, czujesz si\u0119 w nim bezpiecznie?<br>Prosimy miej \u015bwiadomo\u015b\u0107, \u017ce w \u017cyciu mo\u017ce Ci\u0119 spotka\u0107 wiele nieprzewidzianych<br>zdarze\u0144 typu pow\u00f3d\u017a, zalanie, po\u017car czy w\u0142amanie.<br>Wybierz ubezpieczenie mieszkania lub ubezpieczenie domu najlepiej dopasowane do<br>Twoich potrzeb.<\/p>\n\n\n\n<p>PODR\u00d3\u017b<\/p>\n\n\n\n<p>Planujesz podr\u00f3\u017c? A mo\u017ce jeste\u015b w\u0142a\u015bcicielem firmy deleguj\u0105cej pracownik\u00f3w za<br>granic\u0119? Pomy\u015bl, czy sta\u0107 Ci\u0119 na brak ubezpieczenia oraz nara\u017cenie najbli\u017cszych na<br>problemy finansowe po zako\u0144czonym urlopie. Trzydniowy pobyt na OIOM-ie w USA<br>mo\u017ce kosztowa\u0107 ok. 60000$, a wypadek w Austrii mo\u017ce skutkowa\u0107 m. in. kosztami za<br>\u015bmig\u0142owiec &#8211; ok. 3800 E, za ambulans 500 E, operacj\u0119 wielood\u0142amkowego z\u0142amania<br>podudzia 4060 E. Zmiana klimatu mo\u017ce spowodowa\u0107 z\u0142e samopoczucie lub<br>przezi\u0119bienie. My oferujemy Ci spok\u00f3j. U nas kupisz polis\u0119 zapewniaj\u0105c\u0105 kompleksow\u0105<br>ochron\u0119 Ubezpieczonego podczas wyjazd\u00f3w zagranicznych &#8211; zar\u00f3wno prywatnych, jak i<br>s\u0142u\u017cbowych.<br>Zakres ubezpieczenia jest szeroki i zale\u017cny m.in. od wybranego wariantu, celu podr\u00f3\u017cy.<br>Mo\u017ce obejmowa\u0107 koszty leczenia i us\u0142ugi assistance, nast\u0119pstwa nieszcz\u0119\u015bliwych<br>wypadk\u00f3w, OC, baga\u017c podr\u00f3\u017cny i sprz\u0119t sportowy, koszty odwo\u0142ania uczestnictwa w<br>imprezie zagranicznej.<br>Wszystko, aby\u015b m\u00f3g\u0142 si\u0119 cieszy\u0107 wypoczynkiem.<br>BIZNES<br>Inwestujesz w firm\u0119, troszczysz si\u0119 o jej wizerunek i dbasz o jej rozw\u00f3j. Zastan\u00f3w si\u0119,<br>czy sta\u0107 Ci\u0119 na przerw\u0119 w dzia\u0142alno\u015bci. Bez wzgl\u0119du na skal\u0119 biznesu do osi\u0105gniecia<br>sukcesu potrzebne jest Ci bezpiecze\u0144stwo. U nas znajdziesz doskona\u0142\u0105 ochron\u0119 Twojej<br>firmy przed zagro\u017ceniami, kt\u00f3re mog\u0105 stan\u0105\u0107 na drodze do Twojego sukcesu. Produkty<br>ubezpieczeniowe stworzone s\u0105 tak, aby przynosi\u0107 same korzy\u015bci dla biznesu. To np.<br>bogaty wyb\u00f3r ubezpiecze\u0144 mienia \u2013 sam decydujesz co ubezpieczasz, to r\u00f3wnie\u017c<br>szeroki zakres OC dzia\u0142alno\u015bci &#8211; dopasowujesz ubezpieczenie do swoich potrzeb. Kwota<br>sk\u0142adki zale\u017cy od wybranych przez Ciebie ubezpiecze\u0144.<\/p>\n\n\n\n<p>\u017bYCIE \/ INWESTYCJE<br>Czeka Ci\u0119 wiele lat \u017cycia, a wysoko\u015b\u0107 emerytury z ZUS to tylko u\u0142amek zarobk\u00f3w z<br>okresu aktywno\u015bci zawodowej.<br>Sam mo\u017cesz zadecydowa\u0107 jak wysokie \u015bwiadczenie b\u0105d\u017a rent\u0119 otrzymasz Ty b\u0105d\u017a<br>wskazane przez Ciebie osoby. Bezpiecze\u0144stwo finansowe najbli\u017cszych, ochrona na<br>wypadek niezdolno\u015bci do pracy, kapita\u0142 dla dziecka na studia lub start w doros\u0142e \u017cycie to<br>niekt\u00f3re z propozycji.<\/p>\n\n\n\n<p>ZDROWIE<br>D\u0142ugo czekasz na wizyt\u0119 u lekarza? Operacja i rekonwalestencja kosztuje. A przecie\u017c<br>Twoje zdrowie jest najwa\u017cniejsze. Od teraz nie tra\u0107 czasu na stanie w kolejkach.<br>Ochron\u0105 ubezpieczeniow\u0105 obejmujemy m. in. : operacje, powa\u017cne zachorowania, pobyt<br>w szpitalu oraz zachorowanie na nowotw\u00f3r z\u0142o\u015bliwy piersi lub prostaty. Pakiety<br>wzbogacane s\u0105 o atrakcyjny assistance medyczny.<\/p>\n\n\n\n<p>UBEZPIECZENIA ROLNE<br>Posiadanie gospodarstwa rolnego powi\u0105zane jest z obowi\u0105zkiem zapewnienia ochrony<\/p>\n\n\n\n<p>finansowej dla rolnika oraz jego najbli\u017cszych w przypadku wyst\u0105pienia niekorzystnych<br>zdarze\u0144 losowych. W ramach obowi\u0105zkowego ubezpieczenia obj\u0119ta jest<br>odpowiedzialno\u015b\u0107 cywilna rolnika oraz ka\u017cdej osoby, kt\u00f3ra pracuj\u0105c w gospodarstwie<br>rolnym wyrz\u0105dzi\u0142a szkod\u0119 w zwi\u0105zku z posiadaniem przez rolnika tego gospodarstwa<br>rolnego. Natomiast z tytu\u0142u obowi\u0105zkowego ubezpieczenia budynk\u00f3w rolniczych<br>przys\u0142uguje odszkodowanie za szkody powsta\u0142e na skutek zdarze\u0144 losowych w postaci:<br>ognia, huraganu, powodzi, podtopienia, deszczu nawalnego, gradu, opad\u00f3w \u015bniegu,<br>uderzenia pioruna, eksplozji, obsuni\u0119cia si\u0119 ziemi, t\u0105pni\u0119cia, lawiny, upadku statku<br>powietrznego.<br>Poza obowi\u0105zkiem rolnik ma szeroki wachlarz ubezpiecze\u0144. Ochron\u0105 mog\u0105 by\u0107 obj\u0119te<br>m.in.: zwierz\u0119ta gospodarskie (konie, byd\u0142o, trzoda chlewna, owce, kozy, dr\u00f3b,<br>zwierz\u0119ta futerkowe), sprz\u0119t rolniczy (narz\u0119dzia oraz niepodlegaj\u0105ce rejestracji maszyny<br>rolnicze), materia\u0142y i zapasy (materia\u0142y opa\u0142owe, budowlane, cz\u0119\u015bci zamienne do<br>sprz\u0119tu rolniczego, nawozy sztuczne i \u015brodki ochrony ro\u015blin, pasze i od\u017cywki dla<br>zwierz\u0105t), ziemiop\u0142ody (zmagazynowane na terenie siedliska p\u0142ody rolne), ruchomo\u015bci<br>domowe oraz sta\u0142e elementy domu mieszkalnego, nast\u0119pstwa nieszcz\u0119\u015bliwych<br>wypadk\u00f3w rolnika oraz os\u00f3b pozostaj\u0105cych z nim we wsp\u00f3lnym gospodarstwie rolnym.<\/p>\n\n\n\n<p><\/p>\n","protected":false},"excerpt":{"rendered":"<p>SAMOCH\u00d3DMIESZKANIE \/ DOMPODR\u00d3\u017bBIZNES\u017bYCIE \/ INWESTYCJEZDROWIEUBEZPIECZENIA ROLNE SAMOCH\u00d3DPojazd uprawniony do poruszania si\u0119 po drogach musi by\u0107 ubezpieczony w zakresieodpowiedzialno\u015bci cywilnej. Bez znaczenia jest czy pojazd jest cz\u0119sto u\u017cywany, czytrzymany jest w gara\u017cu i je\u017cdzi si\u0119 nim bardzo rzadko. Kierowcy wiedz\u0105, \u017ceubezpieczenie OC nie chroni sprawcy wypadku, a osoby przez niego poszkodowane.Warto zatem pami\u0119ta\u0107 o ubezpieczeniu nast\u0119pstw [&hellip;]<\/p>\n","protected":false},"author":1,"featured_media":0,"parent":0,"menu_order":0,"comment_status":"closed","ping_status":"closed","template":"","meta":[],"_links":{"self":[{"href":"https:\/\/ubezpieczeniamulti.pl\/index.php\/wp-json\/wp\/v2\/pages\/7"}],"collection":[{"href":"https:\/\/ubezpieczeniamulti.pl\/index.php\/wp-json\/wp\/v2\/pages"}],"about":[{"href":"https:\/\/ubezpieczeniamulti.pl\/index.php\/wp-json\/wp\/v2\/types\/page"}],"author":[{"embeddable":true,"href":"https:\/\/ubezpieczeniamulti.pl\/index.php\/wp-json\/wp\/v2\/users\/1"}],"replies":[{"embeddable":true,"href":"https:\/\/ubezpieczeniamulti.pl\/index.php\/wp-json\/wp\/v2\/comments?post=7"}],"version-history":[{"count":2,"href":"https:\/\/ubezpieczeniamulti.pl\/index.php\/wp-json\/wp\/v2\/pages\/7\/revisions"}],"predecessor-version":[{"id":11,"href":"https:\/\/ubezpieczeniamulti.pl\/index.php\/wp-json\/wp\/v2\/pages\/7\/revisions\/11"}],"wp:attachment":[{"href":"https:\/\/ubezpieczeniamulti.pl\/index.php\/wp-json\/wp\/v2\/media?parent=7"}],"curies":[{"name":"wp","href":"https:\/\/api.w.org\/{rel}","templated":true}]}}